{"id":1568,"date":"2025-12-26T18:50:19","date_gmt":"2025-12-26T18:50:19","guid":{"rendered":"https:\/\/allsevillaguides.com\/visites-guidees\/"},"modified":"2025-12-26T18:50:19","modified_gmt":"2025-12-26T18:50:19","slug":"visites-guidees","status":"publish","type":"page","link":"https:\/\/allsevillaguides.com\/fr\/visites-guidees\/","title":{"rendered":"Visites guid\u00e9es"},"content":{"rendered":"","protected":false},"excerpt":{"rendered":"","protected":false},"author":1,"featured_media":0,"parent":0,"menu_order":0,"comment_status":"closed","ping_status":"closed","template":"","meta":{"_acf_changed":false,"footnotes":""},"class_list":["post-1568","page","type-page","status-publish","hentry"],"acf":[],"yoast_head":"<!-- This site is optimized with the Yoast SEO plugin v27.2 - https:\/\/yoast.com\/product\/yoast-seo-wordpress\/ -->\n<title>D\u00e9couvrez la riche culture de S\u00e9ville : visites guid\u00e9es et excursions d&#039;une journ\u00e9e 2025<\/title>\n<meta name=\"description\" content=\"D\u00e9couvrez S\u00e9ville sous son meilleur jour gr\u00e2ce \u00e0 des visites priv\u00e9es, des excursions historiques et des activit\u00e9s de tapas et de flamenco adapt\u00e9es \u00e0 vos int\u00e9r\u00eats.\" \/>\n<meta name=\"robots\" content=\"index, follow, max-snippet:-1, max-image-preview:large, max-video-preview:-1\" \/>\n<link rel=\"canonical\" href=\"https:\/\/allsevillaguides.com\/fr\/visites-guidees\/\" \/>\n<meta property=\"og:locale\" content=\"fr_FR\" \/>\n<meta property=\"og:type\" content=\"article\" \/>\n<meta property=\"og:title\" content=\"D\u00e9couvrez la riche culture de S\u00e9ville : visites guid\u00e9es et excursions d&#039;une journ\u00e9e 2025\" \/>\n<meta property=\"og:description\" content=\"D\u00e9couvrez S\u00e9ville sous son meilleur jour gr\u00e2ce \u00e0 des visites priv\u00e9es, des excursions historiques et des activit\u00e9s de tapas et de flamenco adapt\u00e9es \u00e0 vos int\u00e9r\u00eats.\" \/>\n<meta property=\"og:url\" content=\"https:\/\/allsevillaguides.com\/fr\/visites-guidees\/\" \/>\n<meta property=\"og:site_name\" content=\"All sevilla tours\" \/>\n<meta property=\"article:publisher\" content=\"https:\/\/www.facebook.com\/AllSevillaTours\/?ref=aymt_homepage_panel\" \/>\n<meta name=\"twitter:card\" content=\"summary_large_image\" \/>\n<meta name=\"twitter:site\" content=\"@AllSevillaTours\" \/>\n<script type=\"application\/ld+json\" class=\"yoast-schema-graph\">{\"@context\":\"https:\/\/schema.org\",\"@graph\":[{\"@type\":\"WebPage\",\"@id\":\"https:\/\/allsevillaguides.com\/fr\/visites-guidees\/\",\"url\":\"https:\/\/allsevillaguides.com\/fr\/visites-guidees\/\",\"name\":\"D\u00e9couvrez la riche culture de S\u00e9ville : visites guid\u00e9es et excursions d'une journ\u00e9e 2025\",\"isPartOf\":{\"@id\":\"https:\/\/allsevillaguides.com\/fr\/#website\"},\"datePublished\":\"2025-12-26T18:50:19+00:00\",\"description\":\"D\u00e9couvrez S\u00e9ville sous son meilleur jour gr\u00e2ce \u00e0 des visites priv\u00e9es, des excursions historiques et des activit\u00e9s de tapas et de flamenco adapt\u00e9es \u00e0 vos int\u00e9r\u00eats.\",\"breadcrumb\":{\"@id\":\"https:\/\/allsevillaguides.com\/fr\/visites-guidees\/#breadcrumb\"},\"inLanguage\":\"fr-FR\",\"potentialAction\":[{\"@type\":\"ReadAction\",\"target\":[\"https:\/\/allsevillaguides.com\/fr\/visites-guidees\/\"]}]},{\"@type\":\"BreadcrumbList\",\"@id\":\"https:\/\/allsevillaguides.com\/fr\/visites-guidees\/#breadcrumb\",\"itemListElement\":[{\"@type\":\"ListItem\",\"position\":1,\"name\":\"Portada\",\"item\":\"https:\/\/allsevillaguides.com\/fr\/\"},{\"@type\":\"ListItem\",\"position\":2,\"name\":\"Visites guid\u00e9es\"}]},{\"@type\":\"WebSite\",\"@id\":\"https:\/\/allsevillaguides.com\/fr\/#website\",\"url\":\"https:\/\/allsevillaguides.com\/fr\/\",\"name\":\"All Sevilla Guides\",\"description\":\"My WordPress Blog\",\"publisher\":{\"@id\":\"https:\/\/allsevillaguides.com\/fr\/#organization\"},\"potentialAction\":[{\"@type\":\"SearchAction\",\"target\":{\"@type\":\"EntryPoint\",\"urlTemplate\":\"https:\/\/allsevillaguides.com\/fr\/?s={search_term_string}\"},\"query-input\":{\"@type\":\"PropertyValueSpecification\",\"valueRequired\":true,\"valueName\":\"search_term_string\"}}],\"inLanguage\":\"fr-FR\"},{\"@type\":\"Organization\",\"@id\":\"https:\/\/allsevillaguides.com\/fr\/#organization\",\"name\":\"All Sevilla Tours\",\"url\":\"https:\/\/allsevillaguides.com\/fr\/\",\"logo\":{\"@type\":\"ImageObject\",\"inLanguage\":\"fr-FR\",\"@id\":\"https:\/\/allsevillaguides.com\/fr\/#\/schema\/logo\/image\/\",\"url\":\"https:\/\/allsevillaguides.com\/wp-content\/uploads\/2025\/12\/LOGO-PINK.svg\",\"contentUrl\":\"https:\/\/allsevillaguides.com\/wp-content\/uploads\/2025\/12\/LOGO-PINK.svg\",\"caption\":\"All Sevilla Tours\"},\"image\":{\"@id\":\"https:\/\/allsevillaguides.com\/fr\/#\/schema\/logo\/image\/\"},\"sameAs\":[\"https:\/\/www.facebook.com\/AllSevillaTours\/?ref=aymt_homepage_panel\",\"https:\/\/x.com\/AllSevillaTours\",\"https:\/\/www.instagram.com\/all.sevilla.tours\/\",\"https:\/\/www.youtube.com\/channel\/UCud-_NKc0HV8USIsOk5R1qw?disable_polymer=true\"]}]}<\/script>\n<!-- \/ Yoast SEO plugin. -->","yoast_head_json":{"title":"D\u00e9couvrez la riche culture de S\u00e9ville : visites guid\u00e9es et excursions d'une journ\u00e9e 2025","description":"D\u00e9couvrez S\u00e9ville sous son meilleur jour gr\u00e2ce \u00e0 des visites priv\u00e9es, des excursions historiques et des activit\u00e9s de tapas et de flamenco adapt\u00e9es \u00e0 vos int\u00e9r\u00eats.","robots":{"index":"index","follow":"follow","max-snippet":"max-snippet:-1","max-image-preview":"max-image-preview:large","max-video-preview":"max-video-preview:-1"},"canonical":"https:\/\/allsevillaguides.com\/fr\/visites-guidees\/","og_locale":"fr_FR","og_type":"article","og_title":"D\u00e9couvrez la riche culture de S\u00e9ville : visites guid\u00e9es et excursions d'une journ\u00e9e 2025","og_description":"D\u00e9couvrez S\u00e9ville sous son meilleur jour gr\u00e2ce \u00e0 des visites priv\u00e9es, des excursions historiques et des activit\u00e9s de tapas et de flamenco adapt\u00e9es \u00e0 vos int\u00e9r\u00eats.","og_url":"https:\/\/allsevillaguides.com\/fr\/visites-guidees\/","og_site_name":"All sevilla tours","article_publisher":"https:\/\/www.facebook.com\/AllSevillaTours\/?ref=aymt_homepage_panel","twitter_card":"summary_large_image","twitter_site":"@AllSevillaTours","schema":{"@context":"https:\/\/schema.org","@graph":[{"@type":"WebPage","@id":"https:\/\/allsevillaguides.com\/fr\/visites-guidees\/","url":"https:\/\/allsevillaguides.com\/fr\/visites-guidees\/","name":"D\u00e9couvrez la riche culture de S\u00e9ville : visites guid\u00e9es et excursions d'une journ\u00e9e 2025","isPartOf":{"@id":"https:\/\/allsevillaguides.com\/fr\/#website"},"datePublished":"2025-12-26T18:50:19+00:00","description":"D\u00e9couvrez S\u00e9ville sous son meilleur jour gr\u00e2ce \u00e0 des visites priv\u00e9es, des excursions historiques et des activit\u00e9s de tapas et de flamenco adapt\u00e9es \u00e0 vos int\u00e9r\u00eats.","breadcrumb":{"@id":"https:\/\/allsevillaguides.com\/fr\/visites-guidees\/#breadcrumb"},"inLanguage":"fr-FR","potentialAction":[{"@type":"ReadAction","target":["https:\/\/allsevillaguides.com\/fr\/visites-guidees\/"]}]},{"@type":"BreadcrumbList","@id":"https:\/\/allsevillaguides.com\/fr\/visites-guidees\/#breadcrumb","itemListElement":[{"@type":"ListItem","position":1,"name":"Portada","item":"https:\/\/allsevillaguides.com\/fr\/"},{"@type":"ListItem","position":2,"name":"Visites guid\u00e9es"}]},{"@type":"WebSite","@id":"https:\/\/allsevillaguides.com\/fr\/#website","url":"https:\/\/allsevillaguides.com\/fr\/","name":"All Sevilla Guides","description":"My WordPress Blog","publisher":{"@id":"https:\/\/allsevillaguides.com\/fr\/#organization"},"potentialAction":[{"@type":"SearchAction","target":{"@type":"EntryPoint","urlTemplate":"https:\/\/allsevillaguides.com\/fr\/?s={search_term_string}"},"query-input":{"@type":"PropertyValueSpecification","valueRequired":true,"valueName":"search_term_string"}}],"inLanguage":"fr-FR"},{"@type":"Organization","@id":"https:\/\/allsevillaguides.com\/fr\/#organization","name":"All Sevilla Tours","url":"https:\/\/allsevillaguides.com\/fr\/","logo":{"@type":"ImageObject","inLanguage":"fr-FR","@id":"https:\/\/allsevillaguides.com\/fr\/#\/schema\/logo\/image\/","url":"https:\/\/allsevillaguides.com\/wp-content\/uploads\/2025\/12\/LOGO-PINK.svg","contentUrl":"https:\/\/allsevillaguides.com\/wp-content\/uploads\/2025\/12\/LOGO-PINK.svg","caption":"All Sevilla Tours"},"image":{"@id":"https:\/\/allsevillaguides.com\/fr\/#\/schema\/logo\/image\/"},"sameAs":["https:\/\/www.facebook.com\/AllSevillaTours\/?ref=aymt_homepage_panel","https:\/\/x.com\/AllSevillaTours","https:\/\/www.instagram.com\/all.sevilla.tours\/","https:\/\/www.youtube.com\/channel\/UCud-_NKc0HV8USIsOk5R1qw?disable_polymer=true"]}]}},"_links":{"self":[{"href":"https:\/\/allsevillaguides.com\/fr\/wp-json\/wp\/v2\/pages\/1568","targetHints":{"allow":["GET"]}}],"collection":[{"href":"https:\/\/allsevillaguides.com\/fr\/wp-json\/wp\/v2\/pages"}],"about":[{"href":"https:\/\/allsevillaguides.com\/fr\/wp-json\/wp\/v2\/types\/page"}],"author":[{"embeddable":true,"href":"https:\/\/allsevillaguides.com\/fr\/wp-json\/wp\/v2\/users\/1"}],"replies":[{"embeddable":true,"href":"https:\/\/allsevillaguides.com\/fr\/wp-json\/wp\/v2\/comments?post=1568"}],"version-history":[{"count":0,"href":"https:\/\/allsevillaguides.com\/fr\/wp-json\/wp\/v2\/pages\/1568\/revisions"}],"wp:attachment":[{"href":"https:\/\/allsevillaguides.com\/fr\/wp-json\/wp\/v2\/media?parent=1568"}],"curies":[{"name":"wp","href":"https:\/\/api.w.org\/{rel}","templated":true}]}}