{"id":1083,"date":"2025-12-18T02:01:15","date_gmt":"2025-12-18T02:01:15","guid":{"rendered":"https:\/\/allsevillaguides.com\/visite-privee-de-seville\/"},"modified":"2026-02-17T15:17:17","modified_gmt":"2026-02-17T15:17:17","slug":"visite-privee-de-seville","status":"publish","type":"page","link":"https:\/\/allsevillaguides.com\/fr\/visite-privee-de-seville\/","title":{"rendered":"VISITE PRIV\u00c9E DE S\u00c9VILLE"},"content":{"rendered":"","protected":false},"excerpt":{"rendered":"","protected":false},"author":1,"featured_media":0,"parent":0,"menu_order":0,"comment_status":"closed","ping_status":"closed","template":"","meta":{"_acf_changed":false,"footnotes":""},"class_list":["post-1083","page","type-page","status-publish","hentry"],"acf":[],"yoast_head":"<!-- This site is optimized with the Yoast SEO plugin v27.3 - https:\/\/yoast.com\/product\/yoast-seo-wordpress\/ -->\n<title>Tous les circuits guid\u00e9s officiels de S\u00e9ville | Circuit priv\u00e9 exclusif de S\u00e9ville | Visites en groupe, excursions et exp\u00e9riences \u00e0 S\u00e9ville<\/title>\n<meta name=\"description\" content=\"Visite priv\u00e9e de S\u00e9ville, visite en groupe, visite en couple \u00e0 S\u00e9ville, visites guid\u00e9es de S\u00e9ville pour les enfants. Excursions au d\u00e9part de S\u00e9ville en Andalousie. Visite des bars \u00e0 tapas.\" \/>\n<meta name=\"robots\" content=\"index, follow, max-snippet:-1, max-image-preview:large, max-video-preview:-1\" \/>\n<link rel=\"canonical\" href=\"https:\/\/allsevillaguides.com\/fr\/visite-privee-de-seville\/\" \/>\n<meta property=\"og:locale\" content=\"fr_FR\" \/>\n<meta property=\"og:type\" content=\"article\" \/>\n<meta property=\"og:title\" content=\"Tous les circuits guid\u00e9s officiels de S\u00e9ville | Circuit priv\u00e9 exclusif de S\u00e9ville | Visites en groupe, excursions et exp\u00e9riences \u00e0 S\u00e9ville\" \/>\n<meta property=\"og:description\" content=\"Visite priv\u00e9e de S\u00e9ville, visite en groupe, visite en couple \u00e0 S\u00e9ville, visites guid\u00e9es de S\u00e9ville pour les enfants. Excursions au d\u00e9part de S\u00e9ville en Andalousie. Visite des bars \u00e0 tapas.\" \/>\n<meta property=\"og:url\" content=\"https:\/\/allsevillaguides.com\/fr\/visite-privee-de-seville\/\" \/>\n<meta property=\"og:site_name\" content=\"All sevilla tours\" \/>\n<meta property=\"article:publisher\" content=\"https:\/\/www.facebook.com\/AllSevillaTours\/?ref=aymt_homepage_panel\" \/>\n<meta property=\"article:modified_time\" content=\"2026-02-17T15:17:17+00:00\" \/>\n<meta name=\"twitter:card\" content=\"summary_large_image\" \/>\n<meta name=\"twitter:site\" content=\"@AllSevillaTours\" \/>\n<script type=\"application\/ld+json\" class=\"yoast-schema-graph\">{\"@context\":\"https:\\\/\\\/schema.org\",\"@graph\":[{\"@type\":\"WebPage\",\"@id\":\"https:\\\/\\\/allsevillaguides.com\\\/fr\\\/visite-privee-de-seville\\\/\",\"url\":\"https:\\\/\\\/allsevillaguides.com\\\/fr\\\/visite-privee-de-seville\\\/\",\"name\":\"Tous les circuits guid\u00e9s officiels de S\u00e9ville | Circuit priv\u00e9 exclusif de S\u00e9ville | Visites en groupe, excursions et exp\u00e9riences \u00e0 S\u00e9ville\",\"isPartOf\":{\"@id\":\"https:\\\/\\\/allsevillaguides.com\\\/fr\\\/#website\"},\"datePublished\":\"2025-12-18T02:01:15+00:00\",\"dateModified\":\"2026-02-17T15:17:17+00:00\",\"description\":\"Visite priv\u00e9e de S\u00e9ville, visite en groupe, visite en couple \u00e0 S\u00e9ville, visites guid\u00e9es de S\u00e9ville pour les enfants. Excursions au d\u00e9part de S\u00e9ville en Andalousie. Visite des bars \u00e0 tapas.\",\"breadcrumb\":{\"@id\":\"https:\\\/\\\/allsevillaguides.com\\\/fr\\\/visite-privee-de-seville\\\/#breadcrumb\"},\"inLanguage\":\"fr-FR\",\"potentialAction\":[{\"@type\":\"ReadAction\",\"target\":[\"https:\\\/\\\/allsevillaguides.com\\\/fr\\\/visite-privee-de-seville\\\/\"]}]},{\"@type\":\"BreadcrumbList\",\"@id\":\"https:\\\/\\\/allsevillaguides.com\\\/fr\\\/visite-privee-de-seville\\\/#breadcrumb\",\"itemListElement\":[{\"@type\":\"ListItem\",\"position\":1,\"name\":\"Portada\",\"item\":\"https:\\\/\\\/allsevillaguides.com\\\/fr\\\/\"},{\"@type\":\"ListItem\",\"position\":2,\"name\":\"VISITE PRIV\u00c9E DE S\u00c9VILLE\"}]},{\"@type\":\"WebSite\",\"@id\":\"https:\\\/\\\/allsevillaguides.com\\\/fr\\\/#website\",\"url\":\"https:\\\/\\\/allsevillaguides.com\\\/fr\\\/\",\"name\":\"All Sevilla Guides\",\"description\":\"My WordPress Blog\",\"publisher\":{\"@id\":\"https:\\\/\\\/allsevillaguides.com\\\/fr\\\/#organization\"},\"potentialAction\":[{\"@type\":\"SearchAction\",\"target\":{\"@type\":\"EntryPoint\",\"urlTemplate\":\"https:\\\/\\\/allsevillaguides.com\\\/fr\\\/?s={search_term_string}\"},\"query-input\":{\"@type\":\"PropertyValueSpecification\",\"valueRequired\":true,\"valueName\":\"search_term_string\"}}],\"inLanguage\":\"fr-FR\"},{\"@type\":\"Organization\",\"@id\":\"https:\\\/\\\/allsevillaguides.com\\\/fr\\\/#organization\",\"name\":\"All Sevilla Tours\",\"url\":\"https:\\\/\\\/allsevillaguides.com\\\/fr\\\/\",\"logo\":{\"@type\":\"ImageObject\",\"inLanguage\":\"fr-FR\",\"@id\":\"https:\\\/\\\/allsevillaguides.com\\\/fr\\\/#\\\/schema\\\/logo\\\/image\\\/\",\"url\":\"https:\\\/\\\/allsevillaguides.com\\\/wp-content\\\/uploads\\\/2025\\\/12\\\/LOGO-PINK.svg\",\"contentUrl\":\"https:\\\/\\\/allsevillaguides.com\\\/wp-content\\\/uploads\\\/2025\\\/12\\\/LOGO-PINK.svg\",\"caption\":\"All Sevilla Tours\"},\"image\":{\"@id\":\"https:\\\/\\\/allsevillaguides.com\\\/fr\\\/#\\\/schema\\\/logo\\\/image\\\/\"},\"sameAs\":[\"https:\\\/\\\/www.facebook.com\\\/AllSevillaTours\\\/?ref=aymt_homepage_panel\",\"https:\\\/\\\/x.com\\\/AllSevillaTours\",\"https:\\\/\\\/www.instagram.com\\\/all.sevilla.tours\\\/\",\"https:\\\/\\\/www.youtube.com\\\/channel\\\/UCud-_NKc0HV8USIsOk5R1qw?disable_polymer=true\"]}]}<\/script>\n<!-- \/ Yoast SEO plugin. -->","yoast_head_json":{"title":"Tous les circuits guid\u00e9s officiels de S\u00e9ville | Circuit priv\u00e9 exclusif de S\u00e9ville | Visites en groupe, excursions et exp\u00e9riences \u00e0 S\u00e9ville","description":"Visite priv\u00e9e de S\u00e9ville, visite en groupe, visite en couple \u00e0 S\u00e9ville, visites guid\u00e9es de S\u00e9ville pour les enfants. Excursions au d\u00e9part de S\u00e9ville en Andalousie. Visite des bars \u00e0 tapas.","robots":{"index":"index","follow":"follow","max-snippet":"max-snippet:-1","max-image-preview":"max-image-preview:large","max-video-preview":"max-video-preview:-1"},"canonical":"https:\/\/allsevillaguides.com\/fr\/visite-privee-de-seville\/","og_locale":"fr_FR","og_type":"article","og_title":"Tous les circuits guid\u00e9s officiels de S\u00e9ville | Circuit priv\u00e9 exclusif de S\u00e9ville | Visites en groupe, excursions et exp\u00e9riences \u00e0 S\u00e9ville","og_description":"Visite priv\u00e9e de S\u00e9ville, visite en groupe, visite en couple \u00e0 S\u00e9ville, visites guid\u00e9es de S\u00e9ville pour les enfants. Excursions au d\u00e9part de S\u00e9ville en Andalousie. Visite des bars \u00e0 tapas.","og_url":"https:\/\/allsevillaguides.com\/fr\/visite-privee-de-seville\/","og_site_name":"All sevilla tours","article_publisher":"https:\/\/www.facebook.com\/AllSevillaTours\/?ref=aymt_homepage_panel","article_modified_time":"2026-02-17T15:17:17+00:00","twitter_card":"summary_large_image","twitter_site":"@AllSevillaTours","schema":{"@context":"https:\/\/schema.org","@graph":[{"@type":"WebPage","@id":"https:\/\/allsevillaguides.com\/fr\/visite-privee-de-seville\/","url":"https:\/\/allsevillaguides.com\/fr\/visite-privee-de-seville\/","name":"Tous les circuits guid\u00e9s officiels de S\u00e9ville | Circuit priv\u00e9 exclusif de S\u00e9ville | Visites en groupe, excursions et exp\u00e9riences \u00e0 S\u00e9ville","isPartOf":{"@id":"https:\/\/allsevillaguides.com\/fr\/#website"},"datePublished":"2025-12-18T02:01:15+00:00","dateModified":"2026-02-17T15:17:17+00:00","description":"Visite priv\u00e9e de S\u00e9ville, visite en groupe, visite en couple \u00e0 S\u00e9ville, visites guid\u00e9es de S\u00e9ville pour les enfants. Excursions au d\u00e9part de S\u00e9ville en Andalousie. Visite des bars \u00e0 tapas.","breadcrumb":{"@id":"https:\/\/allsevillaguides.com\/fr\/visite-privee-de-seville\/#breadcrumb"},"inLanguage":"fr-FR","potentialAction":[{"@type":"ReadAction","target":["https:\/\/allsevillaguides.com\/fr\/visite-privee-de-seville\/"]}]},{"@type":"BreadcrumbList","@id":"https:\/\/allsevillaguides.com\/fr\/visite-privee-de-seville\/#breadcrumb","itemListElement":[{"@type":"ListItem","position":1,"name":"Portada","item":"https:\/\/allsevillaguides.com\/fr\/"},{"@type":"ListItem","position":2,"name":"VISITE PRIV\u00c9E DE S\u00c9VILLE"}]},{"@type":"WebSite","@id":"https:\/\/allsevillaguides.com\/fr\/#website","url":"https:\/\/allsevillaguides.com\/fr\/","name":"All Sevilla Guides","description":"My WordPress Blog","publisher":{"@id":"https:\/\/allsevillaguides.com\/fr\/#organization"},"potentialAction":[{"@type":"SearchAction","target":{"@type":"EntryPoint","urlTemplate":"https:\/\/allsevillaguides.com\/fr\/?s={search_term_string}"},"query-input":{"@type":"PropertyValueSpecification","valueRequired":true,"valueName":"search_term_string"}}],"inLanguage":"fr-FR"},{"@type":"Organization","@id":"https:\/\/allsevillaguides.com\/fr\/#organization","name":"All Sevilla Tours","url":"https:\/\/allsevillaguides.com\/fr\/","logo":{"@type":"ImageObject","inLanguage":"fr-FR","@id":"https:\/\/allsevillaguides.com\/fr\/#\/schema\/logo\/image\/","url":"https:\/\/allsevillaguides.com\/wp-content\/uploads\/2025\/12\/LOGO-PINK.svg","contentUrl":"https:\/\/allsevillaguides.com\/wp-content\/uploads\/2025\/12\/LOGO-PINK.svg","caption":"All Sevilla Tours"},"image":{"@id":"https:\/\/allsevillaguides.com\/fr\/#\/schema\/logo\/image\/"},"sameAs":["https:\/\/www.facebook.com\/AllSevillaTours\/?ref=aymt_homepage_panel","https:\/\/x.com\/AllSevillaTours","https:\/\/www.instagram.com\/all.sevilla.tours\/","https:\/\/www.youtube.com\/channel\/UCud-_NKc0HV8USIsOk5R1qw?disable_polymer=true"]}]}},"_links":{"self":[{"href":"https:\/\/allsevillaguides.com\/fr\/wp-json\/wp\/v2\/pages\/1083","targetHints":{"allow":["GET"]}}],"collection":[{"href":"https:\/\/allsevillaguides.com\/fr\/wp-json\/wp\/v2\/pages"}],"about":[{"href":"https:\/\/allsevillaguides.com\/fr\/wp-json\/wp\/v2\/types\/page"}],"author":[{"embeddable":true,"href":"https:\/\/allsevillaguides.com\/fr\/wp-json\/wp\/v2\/users\/1"}],"replies":[{"embeddable":true,"href":"https:\/\/allsevillaguides.com\/fr\/wp-json\/wp\/v2\/comments?post=1083"}],"version-history":[{"count":2,"href":"https:\/\/allsevillaguides.com\/fr\/wp-json\/wp\/v2\/pages\/1083\/revisions"}],"predecessor-version":[{"id":1085,"href":"https:\/\/allsevillaguides.com\/fr\/wp-json\/wp\/v2\/pages\/1083\/revisions\/1085"}],"wp:attachment":[{"href":"https:\/\/allsevillaguides.com\/fr\/wp-json\/wp\/v2\/media?parent=1083"}],"curies":[{"name":"wp","href":"https:\/\/api.w.org\/{rel}","templated":true}]}}